{"id":22996305,"date":"2026-02-26T15:12:25","date_gmt":"2026-02-26T14:12:25","guid":{"rendered":"https:\/\/yachtcharterportocervo.com\/?page_id=22996305"},"modified":"2026-02-26T15:39:28","modified_gmt":"2026-02-26T14:39:28","slug":"yacht-brokerage-porto-cervo","status":"publish","type":"page","link":"https:\/\/yachtcharterportocervo.com\/es\/yacht-brokerage-porto-cervo\/","title":{"rendered":"Yacht Brokerag"},"content":{"rendered":"<p>[et_pb_section fb_built=&#8221;1&#8243; _builder_version=&#8221;4.27.4&#8243; _module_preset=&#8221;default&#8221; custom_margin=&#8221;0px||0px||false|false&#8221; custom_padding=&#8221;0px||0px||false|false&#8221; global_colors_info=&#8221;{}&#8221;][et_pb_row _builder_version=&#8221;4.27.4&#8243; _module_preset=&#8221;default&#8221; custom_margin=&#8221;0px||0px||false|false&#8221; custom_padding=&#8221;0px||0px||false|false&#8221; global_colors_info=&#8221;{}&#8221;][et_pb_column type=&#8221;4_4&#8243; _builder_version=&#8221;4.27.4&#8243; _module_preset=&#8221;default&#8221; global_colors_info=&#8221;{}&#8221;][et_pb_image src=&#8221;https:\/\/yachtcharterportocervo.com\/wp-content\/uploads\/2026\/02\/luxury-superyacht-porto-cervo-costa-smeralda-sardinia.webp&#8221; alt=&#8221;Luxury superyacht docked in Porto Cervo, Costa Smeralda, Sardinia at sunset.&#8221; title_text=&#8221;luxury-superyacht-porto-cervo-costa-smeralda-sardinia&#8221; align=&#8221;center&#8221; _builder_version=&#8221;4.27.4&#8243; _module_preset=&#8221;default&#8221; custom_margin=&#8221;0px||||false|false&#8221; custom_padding=&#8221;0px||||false|false&#8221; global_colors_info=&#8221;{}&#8221;][\/et_pb_image][et_pb_heading title=&#8221;Yacht Brokerage Services in Porto Cervo, Costa Smeralda, Sardinia&#8221; _builder_version=&#8221;4.27.4&#8243; _module_preset=&#8221;default&#8221; title_text_align=&#8221;center&#8221; title_font_size=&#8221;40px&#8221; title_letter_spacing=&#8221;0.5px&#8221; custom_margin=&#8221;||4px|||&#8221; title_font_size_tablet=&#8221;36px&#8221; title_font_size_phone=&#8221;24px&#8221; title_font_size_last_edited=&#8221;on|desktop&#8221; title_letter_spacing_tablet=&#8221;0px&#8221; title_letter_spacing_phone=&#8221;0px&#8221; title_letter_spacing_last_edited=&#8221;on|desktop&#8221; global_colors_info=&#8221;{}&#8221;][\/et_pb_heading][et_pb_text _builder_version=&#8221;4.27.4&#8243; _module_preset=&#8221;default&#8221; text_font_size=&#8221;18px&#8221; text_orientation=&#8221;center&#8221; custom_padding=&#8221;||50px||false|false&#8221; text_font_size_tablet=&#8221;16px&#8221; text_font_size_phone=&#8221;14px&#8221; text_font_size_last_edited=&#8221;on|phone&#8221; global_colors_info=&#8221;{}&#8221;]<\/p>\n<p>La compraventa de un yate de lujo requiere un profundo conocimiento del mercado y una red consolidada de contactos. Nuestra divisi\u00f3n de intermediaci\u00f3n n\u00e1utica, con sede en Porto Cervo, ofrece asesoramiento especializado a propietarios y compradores que exigen profesionalidad, discreci\u00f3n y resultados. Gestionamos cada fase de la transacci\u00f3n con un enfoque personalizado, garantizando que su inversi\u00f3n o venta en la Costa Esmeralda, Cerde\u00f1a, se realice en las mejores condiciones posibles.<\/p>\n<p>[\/et_pb_text][et_pb_heading title=&#8221;Accurate Market Evaluation&#8221; _builder_version=&#8221;4.27.4&#8243; _module_preset=&#8221;default&#8221; title_level=&#8221;h2&#8243; title_text_align=&#8221;center&#8221; title_font_size=&#8221;38px&#8221; title_letter_spacing=&#8221;0.5px&#8221; custom_margin=&#8221;||6px|||&#8221; title_font_size_tablet=&#8221;34px&#8221; title_font_size_phone=&#8221;22px&#8221; title_font_size_last_edited=&#8221;on|phone&#8221; title_letter_spacing_tablet=&#8221;0px&#8221; title_letter_spacing_phone=&#8221;0px&#8221; title_letter_spacing_last_edited=&#8221;on|phone&#8221; global_colors_info=&#8221;{}&#8221;][\/et_pb_heading][et_pb_image src=&#8221;https:\/\/yachtcharterportocervo.com\/wp-content\/uploads\/2026\/02\/yacht-brokerage-consultation-porto-cervo-costa-smeralda-sardinia.webp&#8221; alt=&#8221;Professional yacht brokerage consultation and market evaluation in Porto Cervo, Costa<br \/>\nSmeralda, Sardinia.&#8221; title_text=&#8221;yacht-brokerage-consultation-porto-cervo-costa-smeralda-sardinia&#8221; align=&#8221;center&#8221; _builder_version=&#8221;4.27.4&#8243; _module_preset=&#8221;default&#8221; global_colors_info=&#8221;{}&#8221;][\/et_pb_image][et_pb_text _builder_version=&#8221;4.27.4&#8243; _module_preset=&#8221;default&#8221; text_font_size=&#8221;18px&#8221; text_orientation=&#8221;center&#8221; custom_padding=&#8221;||50px||false|false&#8221; text_font_size_tablet=&#8221;16px&#8221; text_font_size_phone=&#8221;14px&#8221; text_font_size_last_edited=&#8221;on|phone&#8221; global_colors_info=&#8221;{}&#8221;]<\/p>\n<p>El primer paso hacia una estrategia de venta o adquisici\u00f3n exitosa es una valoraci\u00f3n precisa de la embarcaci\u00f3n. No nos basamos \u00fanicamente en listados gen\u00e9ricos, sino que analizamos datos reales de transacciones recientes de yates similares en el Mediterr\u00e1neo. Nuestra experiencia directa en el mercado de Porto Cervo y Costa Smeralda nos permite estimar con precisi\u00f3n el valor de mercado de su yate, teniendo en cuenta el astillero, el a\u00f1o, el estado de mantenimiento y las tendencias actuales. Una evaluaci\u00f3n precisa es fundamental para posicionar la embarcaci\u00f3n al precio adecuado o formular una oferta de compra realista.<\/p>\n<p>[\/et_pb_text][et_pb_heading title=&#8221;Comprehensive Purchase Assistance&#8221; _builder_version=&#8221;4.27.4&#8243; _module_preset=&#8221;default&#8221; title_level=&#8221;h2&#8243; title_text_align=&#8221;center&#8221; title_font_size=&#8221;38px&#8221; title_letter_spacing=&#8221;0.5px&#8221; custom_margin=&#8221;||8px|||&#8221; title_font_size_tablet=&#8221;34px&#8221; title_font_size_phone=&#8221;22px&#8221; title_font_size_last_edited=&#8221;on|phone&#8221; title_letter_spacing_tablet=&#8221;0px&#8221; title_letter_spacing_phone=&#8221;0px&#8221; title_letter_spacing_last_edited=&#8221;on|tablet&#8221; global_colors_info=&#8221;{}&#8221;][\/et_pb_heading][et_pb_text _builder_version=&#8221;4.27.4&#8243; _module_preset=&#8221;default&#8221; text_font_size=&#8221;18px&#8221; text_orientation=&#8221;center&#8221; custom_padding=&#8221;||50px||false|false&#8221; text_font_size_tablet=&#8221;16px&#8221; text_font_size_phone=&#8221;14px&#8221; text_font_size_last_edited=&#8221;on|phone&#8221; global_colors_info=&#8221;{}&#8221;]<\/p>\n<p>La compra de un yate es un proceso complejo que requiere conocimientos t\u00e9cnicos y jur\u00eddicos. Apoyamos a nuestros clientes en cada etapa: desde la b\u00fasqueda inicial del barco ideal, a menudo accediendo a oportunidades \u00abfuera del mercado\u00bb que no son visibles para el p\u00fablico, hasta la organizaci\u00f3n de visitas y pruebas de mar en Cerde\u00f1a. Coordinamos inspecciones t\u00e9cnicas exhaustivas para verificar el estado real del casco, los motores y los sistemas, protegiendo su inversi\u00f3n de sorpresas futuras.<\/p>\n<p>[\/et_pb_text][et_pb_heading title=&#8221;Strategic Sale Assistance &#038; Listing Strategy&#8221; _builder_version=&#8221;4.27.4&#8243; _module_preset=&#8221;default&#8221; title_level=&#8221;h2&#8243; title_text_align=&#8221;center&#8221; title_font_size=&#8221;38px&#8221; title_letter_spacing=&#8221;0.5px&#8221; custom_margin=&#8221;||7px|||&#8221; title_font_size_tablet=&#8221;34px&#8221; title_font_size_phone=&#8221;22px&#8221; title_font_size_last_edited=&#8221;on|phone&#8221; title_letter_spacing_tablet=&#8221;0px&#8221; title_letter_spacing_phone=&#8221;0px&#8221; title_letter_spacing_last_edited=&#8221;on|phone&#8221; global_colors_info=&#8221;{}&#8221;][\/et_pb_heading][et_pb_text _builder_version=&#8221;4.27.4&#8243; _module_preset=&#8221;default&#8221; text_font_size=&#8221;18px&#8221; text_orientation=&#8221;center&#8221; custom_padding=&#8221;||50px||false|false&#8221; text_font_size_tablet=&#8221;16px&#8221; text_font_size_phone=&#8221;14px&#8221; text_font_size_last_edited=&#8221;on|phone&#8221; global_colors_info=&#8221;{}&#8221;]<\/p>\n<p>Vender un yate en el mercado actual requiere mucho m\u00e1s que un simple anuncio en Internet. Desarrollamos una estrategia de venta personalizada para su embarcaci\u00f3n, que incluye fotograf\u00eda profesional, producci\u00f3n de v\u00eddeos y especificaciones t\u00e9cnicas detalladas. Posicionamos su yate en los principales portales internacionales y lo promocionamos activamente a trav\u00e9s de nuestra red global de corredores y clientes cualificados. Nuestra presencia en Porto Cervo nos permite captar a compradores de alto poder adquisitivo interesados en navegar por la Costa Esmeralda, en Cerde\u00f1a.<\/p>\n<p>[\/et_pb_text][et_pb_heading title=&#8221;Expert Negotiation Support &#038; Closing&#8221; _builder_version=&#8221;4.27.4&#8243; _module_preset=&#8221;default&#8221; title_level=&#8221;h2&#8243; title_text_align=&#8221;center&#8221; title_font_size=&#8221;38px&#8221; title_letter_spacing=&#8221;0.5px&#8221; custom_margin=&#8221;||5px|||&#8221; title_font_size_tablet=&#8221;34px&#8221; title_font_size_phone=&#8221;22px&#8221; title_font_size_last_edited=&#8221;on|phone&#8221; title_letter_spacing_tablet=&#8221;0px&#8221; title_letter_spacing_phone=&#8221;0px&#8221; title_letter_spacing_last_edited=&#8221;on|tablet&#8221; global_colors_info=&#8221;{}&#8221;][\/et_pb_heading][et_pb_image src=&#8221;https:\/\/yachtcharterportocervo.com\/wp-content\/uploads\/2026\/02\/yacht-sales-contract-closing-porto-cervo-costa-smeralda-sardinia.webp&#8221; alt=&#8221;Close up of a yacht sales contract closing with a handshake in Porto Cervo, Costa<br \/>\nSmeralda, Sardinia.&#8221; title_text=&#8221;yacht-sales-contract-closing-porto-cervo-costa-smeralda-sardinia&#8221; align=&#8221;center&#8221; _builder_version=&#8221;4.27.4&#8243; _module_preset=&#8221;default&#8221; global_colors_info=&#8221;{}&#8221;][\/et_pb_image][et_pb_text _builder_version=&#8221;4.27.4&#8243; _module_preset=&#8221;default&#8221; text_font_size=&#8221;18px&#8221; text_orientation=&#8221;center&#8221; custom_padding=&#8221;||50px||false|false&#8221; text_font_size_tablet=&#8221;16px&#8221; text_font_size_phone=&#8221;14px&#8221; text_font_size_last_edited=&#8221;on|phone&#8221; global_colors_info=&#8221;{}&#8221;]<\/p>\n<p>La fase de negociaci\u00f3n es crucial para garantizar las mejores condiciones econ\u00f3micas y contractuales. Gracias a nuestros muchos a\u00f1os de experiencia, gestionamos las negociaciones con firmeza y profesionalidad, representando exclusivamente sus intereses. Le asistimos hasta el cierre, coordinando los aspectos legales, fiscales y administrativos de la transferencia de propiedad, colaborando con bufetes de abogados y agencias mar\u00edtimas para garantizar una transacci\u00f3n segura y fluida.<\/p>\n<p>[\/et_pb_text][et_pb_button button_url=&#8221;https:\/\/yachtcharterportocervo.com\/contact\/&#8221; button_text=&#8221;Book a Technical Consultation&#8221; button_alignment=&#8221;center&#8221; _builder_version=&#8221;4.27.4&#8243; _module_preset=&#8221;default&#8221; custom_button=&#8221;on&#8221; button_text_size=&#8221;22px&#8221; button_text_color=&#8221;#FFFFFF&#8221; button_bg_color=&#8221;#304059&#8243; button_border_width=&#8221;2px&#8221; button_border_radius=&#8221;40px&#8221; button_letter_spacing=&#8221;1px&#8221; button_font=&#8221;|700|||||||&#8221; button_use_icon=&#8221;off&#8221; custom_margin=&#8221;50px||50px||false|false&#8221; hover_enabled=&#8221;0&#8243; button_text_size_tablet=&#8221;20px&#8221; button_text_size_phone=&#8221;15px&#8221; button_text_size_last_edited=&#8221;on|phone&#8221; divibooster_background_blur=&#8221;0px&#8221; box_shadow_style=&#8221;preset1&#8243; locked=&#8221;off&#8221; global_colors_info=&#8221;{}&#8221; button_text_size__hover_enabled=&#8221;on|desktop&#8221; button_bg_color__hover_enabled=&#8221;on|hover&#8221; button_bg_color__hover=&#8221;#FFFFFF&#8221; button_bg_enable_color__hover=&#8221;on&#8221; button_border_width__hover_enabled=&#8221;on|hover&#8221; button_border_color__hover_enabled=&#8221;on|desktop&#8221; button_border_color__hover=&#8221;#304059&#8243; button_text_color__hover_enabled=&#8221;on|hover&#8221; button_text_color__hover=&#8221;#304059&#8243; button_text_size__hover=&#8221;22px&#8221; button_border_width__hover=&#8221;2px&#8221; custom_padding=&#8221;||||false|false&#8221; sticky_enabled=&#8221;0&#8243;][\/et_pb_button][\/et_pb_column][\/et_pb_row][\/et_pb_section]<\/p>","protected":false},"excerpt":{"rendered":"<p>Navigating the sale or acquisition of a luxury yacht requires deep market intelligence and a consolidated network of contacts. Our Yacht Brokerage division, based in Porto Cervo, offers specialized consultation for owners and buyers demanding professionalism, discretion, and results. We manage every phase of the transaction with a bespoke approach, ensuring your investment or sale [&hellip;]<\/p>","protected":false},"author":2,"featured_media":0,"parent":0,"menu_order":0,"comment_status":"closed","ping_status":"closed","template":"","meta":{"_et_pb_use_builder":"on","_et_pb_old_content":"","_et_gb_content_width":"","_joinchat":[],"footnotes":""},"class_list":["post-22996305","page","type-page","status-publish","hentry"],"yoast_head":"<!-- This site is optimized with the Yoast SEO Premium plugin v27.0 (Yoast SEO v27.5) - https:\/\/yoast.com\/product\/yoast-seo-premium-wordpress\/ -->\n<title>Yacht Brokerage | Porto Cervo<\/title>\n<meta name=\"description\" content=\"Professional yacht brokerage services in Porto Cervo. Expert market evaluation, purchase and sale assistance, listing strategy, and negotiation support in Costa Smeralda, Sardinia.\" \/>\n<meta name=\"robots\" content=\"index, follow, max-snippet:-1, max-image-preview:large, max-video-preview:-1\" \/>\n<link rel=\"canonical\" href=\"https:\/\/yachtcharterportocervo.com\/es\/yacht-brokerage-porto-cervo\/\" \/>\n<meta property=\"og:locale\" content=\"es_ES\" \/>\n<meta property=\"og:type\" content=\"article\" \/>\n<meta property=\"og:title\" content=\"Yacht Brokerag\" \/>\n<meta property=\"og:description\" content=\"Professional yacht brokerage services in Porto Cervo. Expert market evaluation, purchase and sale assistance, listing strategy, and negotiation support in Costa Smeralda, Sardinia.\" \/>\n<meta property=\"og:url\" content=\"https:\/\/yachtcharterportocervo.com\/es\/yacht-brokerage-porto-cervo\/\" \/>\n<meta property=\"og:site_name\" content=\"Yacht Charter Porto Cervo\" \/>\n<meta property=\"article:publisher\" content=\"https:\/\/www.facebook.com\/profile.php?id=61562242655950\" \/>\n<meta property=\"article:modified_time\" content=\"2026-02-26T14:39:28+00:00\" \/>\n<meta name=\"twitter:card\" content=\"summary_large_image\" \/>\n<script type=\"application\/ld+json\" class=\"yoast-schema-graph\">{\"@context\":\"https:\\\/\\\/schema.org\",\"@graph\":[{\"@type\":\"WebPage\",\"@id\":\"https:\\\/\\\/yachtcharterportocervo.com\\\/yacht-brokerage-porto-cervo\\\/\",\"url\":\"https:\\\/\\\/yachtcharterportocervo.com\\\/yacht-brokerage-porto-cervo\\\/\",\"name\":\"Yacht Brokerage | Porto Cervo\",\"isPartOf\":{\"@id\":\"https:\\\/\\\/yachtcharterportocervo.com\\\/#website\"},\"datePublished\":\"2026-02-26T14:12:25+00:00\",\"dateModified\":\"2026-02-26T14:39:28+00:00\",\"description\":\"Professional yacht brokerage services in Porto Cervo. Expert market evaluation, purchase and sale assistance, listing strategy, and negotiation support in Costa Smeralda, Sardinia.\",\"breadcrumb\":{\"@id\":\"https:\\\/\\\/yachtcharterportocervo.com\\\/yacht-brokerage-porto-cervo\\\/#breadcrumb\"},\"inLanguage\":\"es\",\"potentialAction\":[{\"@type\":\"ReadAction\",\"target\":[\"https:\\\/\\\/yachtcharterportocervo.com\\\/yacht-brokerage-porto-cervo\\\/\"]}]},{\"@type\":\"BreadcrumbList\",\"@id\":\"https:\\\/\\\/yachtcharterportocervo.com\\\/yacht-brokerage-porto-cervo\\\/#breadcrumb\",\"itemListElement\":[{\"@type\":\"ListItem\",\"position\":1,\"name\":\"Home\",\"item\":\"https:\\\/\\\/yachtcharterportocervo.com\\\/\"},{\"@type\":\"ListItem\",\"position\":2,\"name\":\"Yacht Brokerag\"}]},{\"@type\":\"WebSite\",\"@id\":\"https:\\\/\\\/yachtcharterportocervo.com\\\/#website\",\"url\":\"https:\\\/\\\/yachtcharterportocervo.com\\\/\",\"name\":\"Yacht Charter Porto Cervo\",\"description\":\"Chartering and Selling Yachts\",\"publisher\":{\"@id\":\"https:\\\/\\\/yachtcharterportocervo.com\\\/#organization\"},\"potentialAction\":[{\"@type\":\"SearchAction\",\"target\":{\"@type\":\"EntryPoint\",\"urlTemplate\":\"https:\\\/\\\/yachtcharterportocervo.com\\\/?s={search_term_string}\"},\"query-input\":{\"@type\":\"PropertyValueSpecification\",\"valueRequired\":true,\"valueName\":\"search_term_string\"}}],\"inLanguage\":\"es\"},{\"@type\":\"Organization\",\"@id\":\"https:\\\/\\\/yachtcharterportocervo.com\\\/#organization\",\"name\":\"Yacht Charter Porto Cervo\",\"url\":\"https:\\\/\\\/yachtcharterportocervo.com\\\/\",\"logo\":{\"@type\":\"ImageObject\",\"inLanguage\":\"es\",\"@id\":\"https:\\\/\\\/yachtcharterportocervo.com\\\/#\\\/schema\\\/logo\\\/image\\\/\",\"url\":\"https:\\\/\\\/yachtcharterportocervo.com\\\/wp-content\\\/uploads\\\/2025\\\/02\\\/YCPV_logo-black.png\",\"contentUrl\":\"https:\\\/\\\/yachtcharterportocervo.com\\\/wp-content\\\/uploads\\\/2025\\\/02\\\/YCPV_logo-black.png\",\"width\":436,\"height\":116,\"caption\":\"Yacht Charter Porto Cervo\"},\"image\":{\"@id\":\"https:\\\/\\\/yachtcharterportocervo.com\\\/#\\\/schema\\\/logo\\\/image\\\/\"},\"sameAs\":[\"https:\\\/\\\/www.facebook.com\\\/profile.php?id=61562242655950\",\"https:\\\/\\\/www.instagram.com\\\/yachtcharterportocervosardinia\\\/\"]}]}<\/script>\n<!-- \/ Yoast SEO Premium plugin. -->","yoast_head_json":{"title":"Yacht Brokerage | Porto Cervo","description":"Professional yacht brokerage services in Porto Cervo. Expert market evaluation, purchase and sale assistance, listing strategy, and negotiation support in Costa Smeralda, Sardinia.","robots":{"index":"index","follow":"follow","max-snippet":"max-snippet:-1","max-image-preview":"max-image-preview:large","max-video-preview":"max-video-preview:-1"},"canonical":"https:\/\/yachtcharterportocervo.com\/es\/yacht-brokerage-porto-cervo\/","og_locale":"es_ES","og_type":"article","og_title":"Yacht Brokerag","og_description":"Professional yacht brokerage services in Porto Cervo. Expert market evaluation, purchase and sale assistance, listing strategy, and negotiation support in Costa Smeralda, Sardinia.","og_url":"https:\/\/yachtcharterportocervo.com\/es\/yacht-brokerage-porto-cervo\/","og_site_name":"Yacht Charter Porto Cervo","article_publisher":"https:\/\/www.facebook.com\/profile.php?id=61562242655950","article_modified_time":"2026-02-26T14:39:28+00:00","twitter_card":"summary_large_image","schema":{"@context":"https:\/\/schema.org","@graph":[{"@type":"WebPage","@id":"https:\/\/yachtcharterportocervo.com\/yacht-brokerage-porto-cervo\/","url":"https:\/\/yachtcharterportocervo.com\/yacht-brokerage-porto-cervo\/","name":"Yacht Brokerage | Porto Cervo","isPartOf":{"@id":"https:\/\/yachtcharterportocervo.com\/#website"},"datePublished":"2026-02-26T14:12:25+00:00","dateModified":"2026-02-26T14:39:28+00:00","description":"Professional yacht brokerage services in Porto Cervo. Expert market evaluation, purchase and sale assistance, listing strategy, and negotiation support in Costa Smeralda, Sardinia.","breadcrumb":{"@id":"https:\/\/yachtcharterportocervo.com\/yacht-brokerage-porto-cervo\/#breadcrumb"},"inLanguage":"es","potentialAction":[{"@type":"ReadAction","target":["https:\/\/yachtcharterportocervo.com\/yacht-brokerage-porto-cervo\/"]}]},{"@type":"BreadcrumbList","@id":"https:\/\/yachtcharterportocervo.com\/yacht-brokerage-porto-cervo\/#breadcrumb","itemListElement":[{"@type":"ListItem","position":1,"name":"Home","item":"https:\/\/yachtcharterportocervo.com\/"},{"@type":"ListItem","position":2,"name":"Yacht Brokerag"}]},{"@type":"WebSite","@id":"https:\/\/yachtcharterportocervo.com\/#website","url":"https:\/\/yachtcharterportocervo.com\/","name":"Yacht Charter Porto Cervo","description":"Chartering and Selling Yachts","publisher":{"@id":"https:\/\/yachtcharterportocervo.com\/#organization"},"potentialAction":[{"@type":"SearchAction","target":{"@type":"EntryPoint","urlTemplate":"https:\/\/yachtcharterportocervo.com\/?s={search_term_string}"},"query-input":{"@type":"PropertyValueSpecification","valueRequired":true,"valueName":"search_term_string"}}],"inLanguage":"es"},{"@type":"Organization","@id":"https:\/\/yachtcharterportocervo.com\/#organization","name":"Yacht Charter Porto Cervo","url":"https:\/\/yachtcharterportocervo.com\/","logo":{"@type":"ImageObject","inLanguage":"es","@id":"https:\/\/yachtcharterportocervo.com\/#\/schema\/logo\/image\/","url":"https:\/\/yachtcharterportocervo.com\/wp-content\/uploads\/2025\/02\/YCPV_logo-black.png","contentUrl":"https:\/\/yachtcharterportocervo.com\/wp-content\/uploads\/2025\/02\/YCPV_logo-black.png","width":436,"height":116,"caption":"Yacht Charter Porto Cervo"},"image":{"@id":"https:\/\/yachtcharterportocervo.com\/#\/schema\/logo\/image\/"},"sameAs":["https:\/\/www.facebook.com\/profile.php?id=61562242655950","https:\/\/www.instagram.com\/yachtcharterportocervosardinia\/"]}]}},"_links":{"self":[{"href":"https:\/\/yachtcharterportocervo.com\/es\/wp-json\/wp\/v2\/pages\/22996305","targetHints":{"allow":["GET"]}}],"collection":[{"href":"https:\/\/yachtcharterportocervo.com\/es\/wp-json\/wp\/v2\/pages"}],"about":[{"href":"https:\/\/yachtcharterportocervo.com\/es\/wp-json\/wp\/v2\/types\/page"}],"author":[{"embeddable":true,"href":"https:\/\/yachtcharterportocervo.com\/es\/wp-json\/wp\/v2\/users\/2"}],"replies":[{"embeddable":true,"href":"https:\/\/yachtcharterportocervo.com\/es\/wp-json\/wp\/v2\/comments?post=22996305"}],"version-history":[{"count":23,"href":"https:\/\/yachtcharterportocervo.com\/es\/wp-json\/wp\/v2\/pages\/22996305\/revisions"}],"predecessor-version":[{"id":22996351,"href":"https:\/\/yachtcharterportocervo.com\/es\/wp-json\/wp\/v2\/pages\/22996305\/revisions\/22996351"}],"wp:attachment":[{"href":"https:\/\/yachtcharterportocervo.com\/es\/wp-json\/wp\/v2\/media?parent=22996305"}],"curies":[{"name":"wp","href":"https:\/\/api.w.org\/{rel}","templated":true}]}}